{"id":25,"date":"2023-07-28T02:00:43","date_gmt":"2023-07-28T02:00:43","guid":{"rendered":"https:\/\/regressiooniteraapia.elevatestaging.host\/?page_id=25"},"modified":"2023-08-24T12:56:28","modified_gmt":"2023-08-24T12:56:28","slug":"teenused","status":"publish","type":"page","link":"https:\/\/regressiooniteraapia.ee\/index.php\/teenused\/","title":{"rendered":"Teenused"},"content":{"rendered":"\t\t<div data-elementor-type=\"wp-page\" data-elementor-id=\"25\" class=\"elementor elementor-25\" data-elementor-post-type=\"page\">\n\t\t\t\t<div class=\"elementor-element elementor-element-85fb62e e-flex e-con-boxed e-con e-parent\" data-id=\"85fb62e\" data-element_type=\"container\" data-e-type=\"container\" data-settings=\"{&quot;background_background&quot;:&quot;classic&quot;}\">\n\t\t\t\t\t<div class=\"e-con-inner\">\n\t\t\t\t<div class=\"elementor-element elementor-element-e3f5595 elementor-widget elementor-widget-heading\" data-id=\"e3f5595\" data-element_type=\"widget\" data-e-type=\"widget\" data-widget_type=\"heading.default\">\n\t\t\t\t<div class=\"elementor-widget-container\">\n\t\t\t\t\t<h2 class=\"elementor-heading-title elementor-size-default\">Teenused<\/h2>\t\t\t\t<\/div>\n\t\t\t\t<\/div>\n\t\t\t\t\t<\/div>\n\t\t\t\t<\/div>\n\t\t<div class=\"elementor-element elementor-element-f66b2ab e-flex e-con-boxed e-con e-parent\" data-id=\"f66b2ab\" data-element_type=\"container\" data-e-type=\"container\" id=\"div1\">\n\t\t\t\t\t<div class=\"e-con-inner\">\n\t\t<div class=\"elementor-element elementor-element-48cdedf e-flex e-con-boxed e-con e-child\" data-id=\"48cdedf\" data-element_type=\"container\" data-e-type=\"container\">\n\t\t\t\t\t<div class=\"e-con-inner\">\n\t\t<div class=\"elementor-element elementor-element-2de41e4 e-con-full e-flex e-con e-child\" data-id=\"2de41e4\" data-element_type=\"container\" data-e-type=\"container\" data-settings=\"{&quot;background_background&quot;:&quot;classic&quot;}\">\n\t\t\t\t<div class=\"elementor-element elementor-element-d55d236 elementor-widget elementor-widget-heading\" data-id=\"d55d236\" data-element_type=\"widget\" data-e-type=\"widget\" data-widget_type=\"heading.default\">\n\t\t\t\t<div class=\"elementor-widget-container\">\n\t\t\t\t\t<h2 class=\"elementor-heading-title elementor-size-default\">Holistiline regressiooniteraapia<\/h2>\t\t\t\t<\/div>\n\t\t\t\t<\/div>\n\t\t\t\t<div class=\"elementor-element elementor-element-e4d9683 elementor-widget elementor-widget-text-editor\" data-id=\"e4d9683\" data-element_type=\"widget\" data-e-type=\"widget\" data-widget_type=\"text-editor.default\">\n\t\t\t\t<div class=\"elementor-widget-container\">\n\t\t\t\t\t\t\t\t\t<p>Regressiooniteraapia on v\u00f5imas vahend, mis aitab \u00fchendada Sind Sinu sisemise minaga, avades ukse mineviku m\u00f5istmisele ja tervenemisele. Meie teenused on loodud selleks, et pakkuda Sulle turvalist ja toetavat keskkonda, kus uurida oma teadvuse s\u00fcgavamaid kihte. Olgu see minevikus kogetud traumade lahendamine, m\u00e4lu tervendamine v\u00f5i elu eelmiste etappide uurimine, meie kvalifitseeritud terapeudid juhivad Sind l\u00e4bi isikliku avastusretke. Avasta allpool meie erinevaid teenuseid ja leia tee, mis sobib just Sinu teekonnale.<\/p>\t\t\t\t\t\t\t\t<\/div>\n\t\t\t\t<\/div>\n\t\t\t\t<\/div>\n\t\t<div class=\"elementor-element elementor-element-9eaadd5 e-flex e-con-boxed e-con e-child\" data-id=\"9eaadd5\" data-element_type=\"container\" data-e-type=\"container\">\n\t\t\t\t\t<div class=\"e-con-inner\">\n\t\t\t\t<div class=\"elementor-element elementor-element-4cefea6 elementor-widget elementor-widget-image\" data-id=\"4cefea6\" data-element_type=\"widget\" data-e-type=\"widget\" data-widget_type=\"image.default\">\n\t\t\t\t<div class=\"elementor-widget-container\">\n\t\t\t\t\t\t\t\t\t\t\t\t\t\t\t<img fetchpriority=\"high\" decoding=\"async\" width=\"319\" height=\"666\" src=\"https:\/\/regressiooniteraapia.ee\/wp-content\/uploads\/2023\/07\/pexels-tobias-bjorkli-2334533-1.png\" class=\"attachment-full size-full wp-image-104\" alt=\"\" srcset=\"https:\/\/regressiooniteraapia.ee\/wp-content\/uploads\/2023\/07\/pexels-tobias-bjorkli-2334533-1.png 319w, https:\/\/regressiooniteraapia.ee\/wp-content\/uploads\/2023\/07\/pexels-tobias-bjorkli-2334533-1-144x300.png 144w\" sizes=\"(max-width: 319px) 100vw, 319px\" \/>\t\t\t\t\t\t\t\t\t\t\t\t\t\t\t<\/div>\n\t\t\t\t<\/div>\n\t\t\t\t\t<\/div>\n\t\t\t\t<\/div>\n\t\t\t\t\t<\/div>\n\t\t\t\t<\/div>\n\t\t\t\t\t<\/div>\n\t\t\t\t<\/div>\n\t\t<div class=\"elementor-element elementor-element-495757f e-flex e-con-boxed e-con e-parent\" data-id=\"495757f\" data-element_type=\"container\" data-e-type=\"container\" id=\"div2\">\n\t\t\t\t\t<div class=\"e-con-inner\">\n\t\t<div class=\"elementor-element elementor-element-18caaca e-flex e-con-boxed e-con e-child\" data-id=\"18caaca\" data-element_type=\"container\" data-e-type=\"container\">\n\t\t\t\t\t<div class=\"e-con-inner\">\n\t\t<div class=\"elementor-element elementor-element-26f847a e-flex e-con-boxed e-con e-child\" data-id=\"26f847a\" data-element_type=\"container\" data-e-type=\"container\">\n\t\t\t\t\t<div class=\"e-con-inner\">\n\t\t\t\t<div class=\"elementor-element elementor-element-98b1d8c elementor-widget elementor-widget-image\" data-id=\"98b1d8c\" data-element_type=\"widget\" data-e-type=\"widget\" data-widget_type=\"image.default\">\n\t\t\t\t<div class=\"elementor-widget-container\">\n\t\t\t\t\t\t\t\t\t\t\t\t\t\t\t<img decoding=\"async\" width=\"319\" height=\"666\" src=\"https:\/\/regressiooniteraapia.ee\/wp-content\/uploads\/2023\/07\/pexels-lucas-pezeta-2529368-1.png\" class=\"attachment-full size-full wp-image-105\" alt=\"\" srcset=\"https:\/\/regressiooniteraapia.ee\/wp-content\/uploads\/2023\/07\/pexels-lucas-pezeta-2529368-1.png 319w, https:\/\/regressiooniteraapia.ee\/wp-content\/uploads\/2023\/07\/pexels-lucas-pezeta-2529368-1-144x300.png 144w\" sizes=\"(max-width: 319px) 100vw, 319px\" \/>\t\t\t\t\t\t\t\t\t\t\t\t\t\t\t<\/div>\n\t\t\t\t<\/div>\n\t\t\t\t\t<\/div>\n\t\t\t\t<\/div>\n\t\t<div class=\"elementor-element elementor-element-09c7a8d e-con-full e-flex e-con e-child\" data-id=\"09c7a8d\" data-element_type=\"container\" data-e-type=\"container\" data-settings=\"{&quot;background_background&quot;:&quot;classic&quot;}\">\n\t\t\t\t<div class=\"elementor-element elementor-element-2f9bc87 elementor-widget elementor-widget-heading\" data-id=\"2f9bc87\" data-element_type=\"widget\" data-e-type=\"widget\" data-widget_type=\"heading.default\">\n\t\t\t\t<div class=\"elementor-widget-container\">\n\t\t\t\t\t<h2 class=\"elementor-heading-title elementor-size-default\">Juhendatud meditatsioon<\/h2>\t\t\t\t<\/div>\n\t\t\t\t<\/div>\n\t\t\t\t<div class=\"elementor-element elementor-element-d8d23ff elementor-widget elementor-widget-text-editor\" data-id=\"d8d23ff\" data-element_type=\"widget\" data-e-type=\"widget\" data-widget_type=\"text-editor.default\">\n\t\t\t\t<div class=\"elementor-widget-container\">\n\t\t\t\t\t\t\t\t\t<p>Juhendatud meditatsioon pakub sulle v\u00f5imalust sukelduda s\u00fcgavale iseendasse, juhitud ja toetatud viisil, mis sobib nii algajatele kui ka edasij\u00f5udnutele mediteerijatele. Meie kogenud juhendajate k\u00e4e all \u00f5pid sa tundma oma sisemist rahu, leidma selgust ja tasakaalu igap\u00e4evaelus. Juhendatud meditatsioon aitab sul avastada oma t\u00f5elist olemust, tugevdada keskendumisv\u00f5imet ja v\u00e4hendada stressi. Liitu meiega sellel rahustaval ja tervendaval teekonnal, kus iga seanss on unikaalne kogemus, mis on kohandatud just Sinu individuaalsetele vajadustele ja eesm\u00e4rkidele.<\/p>\t\t\t\t\t\t\t\t<\/div>\n\t\t\t\t<\/div>\n\t\t\t\t<\/div>\n\t\t\t\t\t<\/div>\n\t\t\t\t<\/div>\n\t\t\t\t\t<\/div>\n\t\t\t\t<\/div>\n\t\t<div class=\"elementor-element elementor-element-8194c12 e-flex e-con-boxed e-con e-parent\" data-id=\"8194c12\" data-element_type=\"container\" data-e-type=\"container\" id=\"div3\">\n\t\t\t\t\t<div class=\"e-con-inner\">\n\t\t<div class=\"elementor-element elementor-element-bdd60f6 e-flex e-con-boxed e-con e-child\" data-id=\"bdd60f6\" data-element_type=\"container\" data-e-type=\"container\">\n\t\t\t\t\t<div class=\"e-con-inner\">\n\t\t<div class=\"elementor-element elementor-element-e8be9ba e-con-full e-flex e-con e-child\" data-id=\"e8be9ba\" data-element_type=\"container\" data-e-type=\"container\" data-settings=\"{&quot;background_background&quot;:&quot;classic&quot;}\">\n\t\t\t\t<div class=\"elementor-element elementor-element-b9790bd elementor-widget elementor-widget-heading\" data-id=\"b9790bd\" data-element_type=\"widget\" data-e-type=\"widget\" data-widget_type=\"heading.default\">\n\t\t\t\t<div class=\"elementor-widget-container\">\n\t\t\t\t\t<h2 class=\"elementor-heading-title elementor-size-default\">Coaching<\/h2>\t\t\t\t<\/div>\n\t\t\t\t<\/div>\n\t\t\t\t<div class=\"elementor-element elementor-element-04a648a elementor-widget elementor-widget-text-editor\" data-id=\"04a648a\" data-element_type=\"widget\" data-e-type=\"widget\" data-widget_type=\"text-editor.default\">\n\t\t\t\t<div class=\"elementor-widget-container\">\n\t\t\t\t\t\t\t\t\t<p>Coaching ehk treening on personaalne arenguprogramm, mis on m\u00f5eldud Sinu isiklike ja professionaalsete eesm\u00e4rkide saavutamiseks. Meie kogenud coach&#8217;id juhendavad ja toetavad Sind igal sammul, aidates Sul m\u00e4\u00e4ratleda oma sihte, \u00fcletada takistusi ja teha teadlikke valikuid. Olgu Sinu eesm\u00e4rgiks karj\u00e4\u00e4ri edendamine, isiklik kasv v\u00f5i konkreetsete oskuste arendamine, meie individuaalselt kohandatud l\u00e4henemisviis tagab, et leiad tee edu ja eneseteostuseni. Liitu meiega ja avasta j\u00f5ud, mis on Sinus, et muuta oma unistused reaalsuseks<\/p>\t\t\t\t\t\t\t\t<\/div>\n\t\t\t\t<\/div>\n\t\t\t\t<\/div>\n\t\t<div class=\"elementor-element elementor-element-b181761 e-flex e-con-boxed e-con e-child\" data-id=\"b181761\" data-element_type=\"container\" data-e-type=\"container\">\n\t\t\t\t\t<div class=\"e-con-inner\">\n\t\t\t\t<div class=\"elementor-element elementor-element-aee7123 elementor-widget elementor-widget-image\" data-id=\"aee7123\" data-element_type=\"widget\" data-e-type=\"widget\" data-widget_type=\"image.default\">\n\t\t\t\t<div class=\"elementor-widget-container\">\n\t\t\t\t\t\t\t\t\t\t\t\t\t\t\t<img decoding=\"async\" width=\"319\" height=\"666\" src=\"https:\/\/regressiooniteraapia.ee\/wp-content\/uploads\/2023\/07\/pexels-yaroslav-shuraev-4762675-1.png\" class=\"attachment-full size-full wp-image-165\" alt=\"\" srcset=\"https:\/\/regressiooniteraapia.ee\/wp-content\/uploads\/2023\/07\/pexels-yaroslav-shuraev-4762675-1.png 319w, https:\/\/regressiooniteraapia.ee\/wp-content\/uploads\/2023\/07\/pexels-yaroslav-shuraev-4762675-1-144x300.png 144w\" sizes=\"(max-width: 319px) 100vw, 319px\" \/>\t\t\t\t\t\t\t\t\t\t\t\t\t\t\t<\/div>\n\t\t\t\t<\/div>\n\t\t\t\t\t<\/div>\n\t\t\t\t<\/div>\n\t\t\t\t\t<\/div>\n\t\t\t\t<\/div>\n\t\t\t\t\t<\/div>\n\t\t\t\t<\/div>\n\t\t<div class=\"elementor-element elementor-element-685fcbd e-flex e-con-boxed e-con e-parent\" data-id=\"685fcbd\" data-element_type=\"container\" data-e-type=\"container\" data-settings=\"{&quot;background_background&quot;:&quot;classic&quot;}\">\n\t\t\t\t\t<div class=\"e-con-inner\">\n\t\t\t\t<div class=\"elementor-element elementor-element-aa3adeb elementor-widget elementor-widget-heading\" data-id=\"aa3adeb\" data-element_type=\"widget\" data-e-type=\"widget\" data-widget_type=\"heading.default\">\n\t\t\t\t<div class=\"elementor-widget-container\">\n\t\t\t\t\t<h2 class=\"elementor-heading-title elementor-size-default\">Soovid saada lisainfot?<\/h2>\t\t\t\t<\/div>\n\t\t\t\t<\/div>\n\t\t\t\t<div class=\"elementor-element elementor-element-1cae5db elementor-widget elementor-widget-text-editor\" data-id=\"1cae5db\" data-element_type=\"widget\" data-e-type=\"widget\" data-widget_type=\"text-editor.default\">\n\t\t\t\t<div class=\"elementor-widget-container\">\n\t\t\t\t\t\t\t\t\t<p>Kui sa juba nii kaugele sellel lehel oled j\u00f5udnud, siis ilmselt pakub see temaatika sulle huvi. <br \/>Oma k\u00fcsimustele saad kindlasti vastused, kui v\u00f5tad minuga \u00fchendust.<\/p>\t\t\t\t\t\t\t\t<\/div>\n\t\t\t\t<\/div>\n\t\t\t\t<div class=\"elementor-element elementor-element-0dca5f7 elementor-align-center elementor-widget elementor-widget-button\" data-id=\"0dca5f7\" data-element_type=\"widget\" data-e-type=\"widget\" data-widget_type=\"button.default\">\n\t\t\t\t<div class=\"elementor-widget-container\">\n\t\t\t\t\t\t\t\t\t<div class=\"elementor-button-wrapper\">\n\t\t\t\t\t<a class=\"elementor-button elementor-button-link elementor-size-sm elementor-animation-float\" href=\"https:\/\/regressiooniteraapia.ee\/index.php\/kontakt\/\">\n\t\t\t\t\t\t<span class=\"elementor-button-content-wrapper\">\n\t\t\t\t\t\t\t\t\t<span class=\"elementor-button-text\">V\u00f5ta \u00fchendust<\/span>\n\t\t\t\t\t<\/span>\n\t\t\t\t\t<\/a>\n\t\t\t\t<\/div>\n\t\t\t\t\t\t\t\t<\/div>\n\t\t\t\t<\/div>\n\t\t\t\t\t<\/div>\n\t\t\t\t<\/div>\n\t\t\t\t<\/div>\n\t\t","protected":false},"excerpt":{"rendered":"<p>Teenused Holistiline regressiooniteraapia Regressiooniteraapia on v\u00f5imas vahend, mis aitab \u00fchendada Sind Sinu sisemise minaga, avades ukse mineviku m\u00f5istmisele ja tervenemisele. Meie teenused on loodud selleks, et pakkuda Sulle turvalist ja toetavat keskkonda, kus uurida oma teadvuse s\u00fcgavamaid kihte. Olgu see minevikus kogetud traumade lahendamine, m\u00e4lu tervendamine v\u00f5i elu eelmiste etappide uurimine, meie kvalifitseeritud terapeudid juhivad [&hellip;]<\/p>\n","protected":false},"author":1,"featured_media":0,"parent":0,"menu_order":0,"comment_status":"closed","ping_status":"closed","template":"","meta":{"footnotes":""},"class_list":["post-25","page","type-page","status-publish","hentry"],"_links":{"self":[{"href":"https:\/\/regressiooniteraapia.ee\/index.php\/wp-json\/wp\/v2\/pages\/25","targetHints":{"allow":["GET"]}}],"collection":[{"href":"https:\/\/regressiooniteraapia.ee\/index.php\/wp-json\/wp\/v2\/pages"}],"about":[{"href":"https:\/\/regressiooniteraapia.ee\/index.php\/wp-json\/wp\/v2\/types\/page"}],"author":[{"embeddable":true,"href":"https:\/\/regressiooniteraapia.ee\/index.php\/wp-json\/wp\/v2\/users\/1"}],"replies":[{"embeddable":true,"href":"https:\/\/regressiooniteraapia.ee\/index.php\/wp-json\/wp\/v2\/comments?post=25"}],"version-history":[{"count":5,"href":"https:\/\/regressiooniteraapia.ee\/index.php\/wp-json\/wp\/v2\/pages\/25\/revisions"}],"predecessor-version":[{"id":222,"href":"https:\/\/regressiooniteraapia.ee\/index.php\/wp-json\/wp\/v2\/pages\/25\/revisions\/222"}],"wp:attachment":[{"href":"https:\/\/regressiooniteraapia.ee\/index.php\/wp-json\/wp\/v2\/media?parent=25"}],"curies":[{"name":"wp","href":"https:\/\/api.w.org\/{rel}","templated":true}]}}