{"id":27,"date":"2023-07-28T02:00:51","date_gmt":"2023-07-28T02:00:51","guid":{"rendered":"https:\/\/regressiooniteraapia.elevatestaging.host\/?page_id=27"},"modified":"2025-11-06T11:19:22","modified_gmt":"2025-11-06T11:19:22","slug":"hinnakiri","status":"publish","type":"page","link":"https:\/\/regressiooniteraapia.ee\/index.php\/hinnakiri\/","title":{"rendered":"Hinnakiri"},"content":{"rendered":"\t\t<div data-elementor-type=\"wp-page\" data-elementor-id=\"27\" class=\"elementor elementor-27\" data-elementor-post-type=\"page\">\n\t\t\t\t<div class=\"elementor-element elementor-element-0c2371b e-flex e-con-boxed e-con e-parent\" data-id=\"0c2371b\" data-element_type=\"container\" data-e-type=\"container\" data-settings=\"{&quot;background_background&quot;:&quot;classic&quot;}\">\n\t\t\t\t\t<div class=\"e-con-inner\">\n\t\t\t\t<div class=\"elementor-element elementor-element-5b688fd elementor-widget elementor-widget-heading\" data-id=\"5b688fd\" data-element_type=\"widget\" data-e-type=\"widget\" data-widget_type=\"heading.default\">\n\t\t\t\t<div class=\"elementor-widget-container\">\n\t\t\t\t\t<h2 class=\"elementor-heading-title elementor-size-default\">Hinnakiri<\/h2>\t\t\t\t<\/div>\n\t\t\t\t<\/div>\n\t\t\t\t\t<\/div>\n\t\t\t\t<\/div>\n\t\t<div class=\"elementor-element elementor-element-1b59380 e-flex e-con-boxed e-con e-parent\" data-id=\"1b59380\" data-element_type=\"container\" data-e-type=\"container\">\n\t\t\t\t\t<div class=\"e-con-inner\">\n\t\t<div class=\"elementor-element elementor-element-ace92e0 e-con-full e-flex e-con e-child\" data-id=\"ace92e0\" data-element_type=\"container\" data-e-type=\"container\">\n\t\t<div class=\"elementor-element elementor-element-9c9fe45 e-con-full e-flex e-con e-child\" data-id=\"9c9fe45\" data-element_type=\"container\" data-e-type=\"container\" data-settings=\"{&quot;background_background&quot;:&quot;classic&quot;}\">\n\t\t<div class=\"elementor-element elementor-element-3b5c9d5 e-con-full e-flex e-con e-child\" data-id=\"3b5c9d5\" data-element_type=\"container\" data-e-type=\"container\">\n\t\t\t\t<div class=\"elementor-element elementor-element-1a49f05 elementor-widget elementor-widget-heading\" data-id=\"1a49f05\" data-element_type=\"widget\" data-e-type=\"widget\" data-widget_type=\"heading.default\">\n\t\t\t\t<div class=\"elementor-widget-container\">\n\t\t\t\t\t<h2 class=\"elementor-heading-title elementor-size-default\">Teraapia hind<\/h2>\t\t\t\t<\/div>\n\t\t\t\t<\/div>\n\t\t\t\t<div class=\"elementor-element elementor-element-ca14e9d elementor-widget elementor-widget-text-editor\" data-id=\"ca14e9d\" data-element_type=\"widget\" data-e-type=\"widget\" data-widget_type=\"text-editor.default\">\n\t\t\t\t<div class=\"elementor-widget-container\">\n\t\t\t\t\t\t\t\t\t<p>Holistiline nelik (4 teraapiaseanssi kestvusega kuni 3 h, kokku 12 tundi) &#8211; 360 eurot<\/p><p>Holistilise regresiooniteraapia (HRT) \u00fcksikseanss kuni 3 h &#8211; 95 eurot<\/p><p>HRT l\u00fchike seanss (1,5h-2h) &#8211; 70 eurot<\/p><p>Konsultatsioon (1-1,5h) &#8211; 50 eurot<\/p>\t\t\t\t\t\t\t\t<\/div>\n\t\t\t\t<\/div>\n\t\t\t\t<\/div>\n\t\t<div class=\"elementor-element elementor-element-99ef2e7 e-flex e-con-boxed e-con e-child\" data-id=\"99ef2e7\" data-element_type=\"container\" data-e-type=\"container\">\n\t\t\t\t\t<div class=\"e-con-inner\">\n\t\t\t\t\t<\/div>\n\t\t\t\t<\/div>\n\t\t\t\t<\/div>\n\t\t<div class=\"elementor-element elementor-element-756c2ce e-flex e-con-boxed e-con e-child\" data-id=\"756c2ce\" data-element_type=\"container\" data-e-type=\"container\">\n\t\t\t\t\t<div class=\"e-con-inner\">\n\t\t\t\t<div class=\"elementor-element elementor-element-f9c5df2 elementor-widget elementor-widget-image\" data-id=\"f9c5df2\" data-element_type=\"widget\" data-e-type=\"widget\" data-widget_type=\"image.default\">\n\t\t\t\t<div class=\"elementor-widget-container\">\n\t\t\t\t\t\t\t\t\t\t\t\t\t\t\t<img fetchpriority=\"high\" decoding=\"async\" width=\"439\" height=\"319\" src=\"https:\/\/regressiooniteraapia.ee\/wp-content\/uploads\/2023\/07\/pexels-nina-uhlikova-725255.png\" class=\"attachment-full size-full wp-image-121\" alt=\"\" srcset=\"https:\/\/regressiooniteraapia.ee\/wp-content\/uploads\/2023\/07\/pexels-nina-uhlikova-725255.png 439w, https:\/\/regressiooniteraapia.ee\/wp-content\/uploads\/2023\/07\/pexels-nina-uhlikova-725255-300x218.png 300w\" sizes=\"(max-width: 439px) 100vw, 439px\" \/>\t\t\t\t\t\t\t\t\t\t\t\t\t\t\t<\/div>\n\t\t\t\t<\/div>\n\t\t\t\t\t<\/div>\n\t\t\t\t<\/div>\n\t\t\t\t<\/div>\n\t\t\t\t\t<\/div>\n\t\t\t\t<\/div>\n\t\t<div class=\"elementor-element elementor-element-d6738f1 e-flex e-con-boxed e-con e-parent\" data-id=\"d6738f1\" data-element_type=\"container\" data-e-type=\"container\">\n\t\t\t\t\t<div class=\"e-con-inner\">\n\t\t<div class=\"elementor-element elementor-element-56d5dbb e-flex e-con-boxed e-con e-child\" data-id=\"56d5dbb\" data-element_type=\"container\" data-e-type=\"container\">\n\t\t\t\t\t<div class=\"e-con-inner\">\n\t\t<div class=\"elementor-element elementor-element-f73634e e-con-full e-flex e-con e-child\" data-id=\"f73634e\" data-element_type=\"container\" data-e-type=\"container\" data-settings=\"{&quot;background_background&quot;:&quot;classic&quot;}\">\n\t\t<div class=\"elementor-element elementor-element-83b64a4 e-con-full e-flex e-con e-child\" data-id=\"83b64a4\" data-element_type=\"container\" data-e-type=\"container\">\n\t\t\t\t<div class=\"elementor-element elementor-element-33da2a8 elementor-widget elementor-widget-heading\" data-id=\"33da2a8\" data-element_type=\"widget\" data-e-type=\"widget\" data-widget_type=\"heading.default\">\n\t\t\t\t<div class=\"elementor-widget-container\">\n\t\t\t\t\t<h2 class=\"elementor-heading-title elementor-size-default\">Meditatsioon<\/h2>\t\t\t\t<\/div>\n\t\t\t\t<\/div>\n\t\t\t\t<div class=\"elementor-element elementor-element-b54b1a0 elementor-widget elementor-widget-text-editor\" data-id=\"b54b1a0\" data-element_type=\"widget\" data-e-type=\"widget\" data-widget_type=\"text-editor.default\">\n\t\t\t\t<div class=\"elementor-widget-container\">\n\t\t\t\t\t\t\t\t\t<p><strong>Hind kokkuleppel<\/strong> &#8211; oleneb inimeste arvust ning \u00fcrituse pikkusest<\/p>\t\t\t\t\t\t\t\t<\/div>\n\t\t\t\t<\/div>\n\t\t\t\t<\/div>\n\t\t\t\t<\/div>\n\t\t<div class=\"elementor-element elementor-element-48ff3b9 e-flex e-con-boxed e-con e-child\" data-id=\"48ff3b9\" data-element_type=\"container\" data-e-type=\"container\">\n\t\t\t\t\t<div class=\"e-con-inner\">\n\t\t\t\t<div class=\"elementor-element elementor-element-d86874a elementor-widget elementor-widget-image\" data-id=\"d86874a\" data-element_type=\"widget\" data-e-type=\"widget\" data-widget_type=\"image.default\">\n\t\t\t\t<div class=\"elementor-widget-container\">\n\t\t\t\t\t\t\t\t\t\t\t\t\t\t\t<img decoding=\"async\" width=\"439\" height=\"174\" src=\"https:\/\/regressiooniteraapia.ee\/wp-content\/uploads\/2023\/07\/pexels-felipe-borges-2597205.png\" class=\"attachment-full size-full wp-image-122\" alt=\"\" srcset=\"https:\/\/regressiooniteraapia.ee\/wp-content\/uploads\/2023\/07\/pexels-felipe-borges-2597205.png 439w, https:\/\/regressiooniteraapia.ee\/wp-content\/uploads\/2023\/07\/pexels-felipe-borges-2597205-300x119.png 300w\" sizes=\"(max-width: 439px) 100vw, 439px\" \/>\t\t\t\t\t\t\t\t\t\t\t\t\t\t\t<\/div>\n\t\t\t\t<\/div>\n\t\t\t\t\t<\/div>\n\t\t\t\t<\/div>\n\t\t\t\t\t<\/div>\n\t\t\t\t<\/div>\n\t\t\t\t\t<\/div>\n\t\t\t\t<\/div>\n\t\t<div class=\"elementor-element elementor-element-6fe6f51 e-flex e-con-boxed e-con e-parent\" data-id=\"6fe6f51\" data-element_type=\"container\" data-e-type=\"container\">\n\t\t\t\t\t<div class=\"e-con-inner\">\n\t\t<div class=\"elementor-element elementor-element-37500b6 e-flex e-con-boxed e-con e-child\" data-id=\"37500b6\" data-element_type=\"container\" data-e-type=\"container\">\n\t\t\t\t\t<div class=\"e-con-inner\">\n\t\t<div class=\"elementor-element elementor-element-005ee8b e-con-full e-flex e-con e-child\" data-id=\"005ee8b\" data-element_type=\"container\" data-e-type=\"container\" data-settings=\"{&quot;background_background&quot;:&quot;classic&quot;}\">\n\t\t<div class=\"elementor-element elementor-element-9e93fb5 e-con-full e-flex e-con e-child\" data-id=\"9e93fb5\" data-element_type=\"container\" data-e-type=\"container\">\n\t\t\t\t<div class=\"elementor-element elementor-element-ce24b2a elementor-widget elementor-widget-heading\" data-id=\"ce24b2a\" data-element_type=\"widget\" data-e-type=\"widget\" data-widget_type=\"heading.default\">\n\t\t\t\t<div class=\"elementor-widget-container\">\n\t\t\t\t\t<h2 class=\"elementor-heading-title elementor-size-default\">Coaching<\/h2>\t\t\t\t<\/div>\n\t\t\t\t<\/div>\n\t\t\t\t<div class=\"elementor-element elementor-element-6ff07c7 elementor-widget elementor-widget-text-editor\" data-id=\"6ff07c7\" data-element_type=\"widget\" data-e-type=\"widget\" data-widget_type=\"text-editor.default\">\n\t\t\t\t<div class=\"elementor-widget-container\">\n\t\t\t\t\t\t\t\t\t<p>Individuaalne coaching 1h<\/p><p>Individuaalne coaching 1,5h<\/p>\t\t\t\t\t\t\t\t<\/div>\n\t\t\t\t<\/div>\n\t\t\t\t<\/div>\n\t\t<div class=\"elementor-element elementor-element-5fa069f e-flex e-con-boxed e-con e-child\" data-id=\"5fa069f\" data-element_type=\"container\" data-e-type=\"container\">\n\t\t\t\t\t<div class=\"e-con-inner\">\n\t\t\t\t<div class=\"elementor-element elementor-element-db5485d elementor-widget elementor-widget-heading\" data-id=\"db5485d\" data-element_type=\"widget\" data-e-type=\"widget\" data-widget_type=\"heading.default\">\n\t\t\t\t<div class=\"elementor-widget-container\">\n\t\t\t\t\t<h2 class=\"elementor-heading-title elementor-size-default\">Hind<\/h2>\t\t\t\t<\/div>\n\t\t\t\t<\/div>\n\t\t\t\t<div class=\"elementor-element elementor-element-fa3b58f elementor-widget elementor-widget-text-editor\" data-id=\"fa3b58f\" data-element_type=\"widget\" data-e-type=\"widget\" data-widget_type=\"text-editor.default\">\n\t\t\t\t<div class=\"elementor-widget-container\">\n\t\t\t\t\t\t\t\t\t<p>60 eurot<\/p><p>90 eurot<\/p>\t\t\t\t\t\t\t\t<\/div>\n\t\t\t\t<\/div>\n\t\t\t\t\t<\/div>\n\t\t\t\t<\/div>\n\t\t\t\t<\/div>\n\t\t<div class=\"elementor-element elementor-element-5828b0f e-flex e-con-boxed e-con e-child\" data-id=\"5828b0f\" data-element_type=\"container\" data-e-type=\"container\">\n\t\t\t\t\t<div class=\"e-con-inner\">\n\t\t\t\t<div class=\"elementor-element elementor-element-d86860f elementor-widget elementor-widget-image\" data-id=\"d86860f\" data-element_type=\"widget\" data-e-type=\"widget\" data-widget_type=\"image.default\">\n\t\t\t\t<div class=\"elementor-widget-container\">\n\t\t\t\t\t\t\t\t\t\t\t\t\t\t\t<img decoding=\"async\" width=\"439\" height=\"223\" src=\"https:\/\/regressiooniteraapia.ee\/wp-content\/uploads\/2023\/07\/pexels-jill-wellington-40815.png\" class=\"attachment-full size-full wp-image-123\" alt=\"\" srcset=\"https:\/\/regressiooniteraapia.ee\/wp-content\/uploads\/2023\/07\/pexels-jill-wellington-40815.png 439w, https:\/\/regressiooniteraapia.ee\/wp-content\/uploads\/2023\/07\/pexels-jill-wellington-40815-300x152.png 300w\" sizes=\"(max-width: 439px) 100vw, 439px\" \/>\t\t\t\t\t\t\t\t\t\t\t\t\t\t\t<\/div>\n\t\t\t\t<\/div>\n\t\t\t\t\t<\/div>\n\t\t\t\t<\/div>\n\t\t\t\t\t<\/div>\n\t\t\t\t<\/div>\n\t\t\t\t\t<\/div>\n\t\t\t\t<\/div>\n\t\t<div class=\"elementor-element elementor-element-5aab200 e-flex e-con-boxed e-con e-parent\" data-id=\"5aab200\" data-element_type=\"container\" data-e-type=\"container\" data-settings=\"{&quot;background_background&quot;:&quot;classic&quot;}\">\n\t\t\t\t\t<div class=\"e-con-inner\">\n\t\t\t\t<div class=\"elementor-element elementor-element-f50f70b elementor-widget elementor-widget-heading\" data-id=\"f50f70b\" data-element_type=\"widget\" data-e-type=\"widget\" data-widget_type=\"heading.default\">\n\t\t\t\t<div class=\"elementor-widget-container\">\n\t\t\t\t\t<h2 class=\"elementor-heading-title elementor-size-default\">Soovid saada lisainfot?<\/h2>\t\t\t\t<\/div>\n\t\t\t\t<\/div>\n\t\t\t\t<div class=\"elementor-element elementor-element-34b3ab3 elementor-widget elementor-widget-text-editor\" data-id=\"34b3ab3\" data-element_type=\"widget\" data-e-type=\"widget\" data-widget_type=\"text-editor.default\">\n\t\t\t\t<div class=\"elementor-widget-container\">\n\t\t\t\t\t\t\t\t\t<p>Kui sa juba nii kaugele sellel lehel oled j\u00f5udnud, siis ilmselt pakub see temaatika sulle huvi. <br \/>Oma k\u00fcsimustele saad kindlasti vastused, kui v\u00f5tad minuga \u00fchendust.<\/p>\t\t\t\t\t\t\t\t<\/div>\n\t\t\t\t<\/div>\n\t\t\t\t<div class=\"elementor-element elementor-element-44abdf0 elementor-align-center elementor-widget elementor-widget-button\" data-id=\"44abdf0\" data-element_type=\"widget\" data-e-type=\"widget\" data-widget_type=\"button.default\">\n\t\t\t\t<div class=\"elementor-widget-container\">\n\t\t\t\t\t\t\t\t\t<div class=\"elementor-button-wrapper\">\n\t\t\t\t\t<a class=\"elementor-button elementor-button-link elementor-size-sm elementor-animation-float\" href=\"https:\/\/regressiooniteraapia.ee\/index.php\/kontakt\/\">\n\t\t\t\t\t\t<span class=\"elementor-button-content-wrapper\">\n\t\t\t\t\t\t\t\t\t<span class=\"elementor-button-text\">V\u00f5ta \u00fchendust<\/span>\n\t\t\t\t\t<\/span>\n\t\t\t\t\t<\/a>\n\t\t\t\t<\/div>\n\t\t\t\t\t\t\t\t<\/div>\n\t\t\t\t<\/div>\n\t\t\t\t\t<\/div>\n\t\t\t\t<\/div>\n\t\t\t\t<\/div>\n\t\t","protected":false},"excerpt":{"rendered":"<p>Hinnakiri Teraapia hind Holistiline nelik (4 teraapiaseanssi kestvusega kuni 3 h, kokku 12 tundi) &#8211; 360 eurot Holistilise regresiooniteraapia (HRT) \u00fcksikseanss kuni 3 h &#8211; 95 eurot HRT l\u00fchike seanss (1,5h-2h) &#8211; 70 eurot Konsultatsioon (1-1,5h) &#8211; 50 eurot Meditatsioon Hind kokkuleppel &#8211; oleneb inimeste arvust ning \u00fcrituse pikkusest Coaching Individuaalne coaching 1h Individuaalne coaching [&hellip;]<\/p>\n","protected":false},"author":1,"featured_media":0,"parent":0,"menu_order":0,"comment_status":"closed","ping_status":"closed","template":"","meta":{"footnotes":""},"class_list":["post-27","page","type-page","status-publish","hentry"],"_links":{"self":[{"href":"https:\/\/regressiooniteraapia.ee\/index.php\/wp-json\/wp\/v2\/pages\/27","targetHints":{"allow":["GET"]}}],"collection":[{"href":"https:\/\/regressiooniteraapia.ee\/index.php\/wp-json\/wp\/v2\/pages"}],"about":[{"href":"https:\/\/regressiooniteraapia.ee\/index.php\/wp-json\/wp\/v2\/types\/page"}],"author":[{"embeddable":true,"href":"https:\/\/regressiooniteraapia.ee\/index.php\/wp-json\/wp\/v2\/users\/1"}],"replies":[{"embeddable":true,"href":"https:\/\/regressiooniteraapia.ee\/index.php\/wp-json\/wp\/v2\/comments?post=27"}],"version-history":[{"count":5,"href":"https:\/\/regressiooniteraapia.ee\/index.php\/wp-json\/wp\/v2\/pages\/27\/revisions"}],"predecessor-version":[{"id":267,"href":"https:\/\/regressiooniteraapia.ee\/index.php\/wp-json\/wp\/v2\/pages\/27\/revisions\/267"}],"wp:attachment":[{"href":"https:\/\/regressiooniteraapia.ee\/index.php\/wp-json\/wp\/v2\/media?parent=27"}],"curies":[{"name":"wp","href":"https:\/\/api.w.org\/{rel}","templated":true}]}}